{"id":1471,"date":"2025-04-19T18:54:59","date_gmt":"2025-04-19T18:54:59","guid":{"rendered":"https:\/\/desarrollo-web.com.ar\/lar\/?post_type=product&#038;p=1471"},"modified":"2026-03-02T02:15:34","modified_gmt":"2026-03-02T05:15:34","slug":"hermosa-casa-californiana-en-alquiler","status":"publish","type":"product","link":"https:\/\/desarrollo-web.com.ar\/lar\/producto\/hermosa-casa-californiana-en-alquiler\/","title":{"rendered":"Hermosa Casa Californiana en Alquiler"},"content":{"rendered":"<p><strong>Ubicaci\u00f3n:<\/strong>\u00a0Exclusivo barrio residencial, cerca de parques, escuelas y centros comerciales.<\/p>\n<p><strong>Descripci\u00f3n:<\/strong><br \/>\nImpresionante casa estilo californiano, con amplio jard\u00edn al frente y un dise\u00f1o luminoso y acogedor. Perfecta para familias que buscan espacio, comodidad y un toque de elegancia.<\/p>\n<p><strong>Ambientes:<\/strong><\/p>\n<ul>\n<li><strong>4 dormitorios<\/strong>\u00a0(principal con vestidor y salida al jard\u00edn).<\/li>\n<li><strong>3 ba\u00f1os completos<\/strong>\u00a0(uno en suite con ba\u00f1era hidromasaje).<\/li>\n<li><strong>Amplio living-comedor<\/strong>\u00a0con chimenea y salida al patio.<\/li>\n<li><strong>Cocina moderna<\/strong>\u00a0equipada (con isla y horno empotrado).<\/li>\n<li><strong>Quincho exterior<\/strong>\u00a0con parrilla y \u00e1rea de comedor.<\/li>\n<li><strong>Sala de cine\/games<\/strong>\u00a0en planta baja.<\/li>\n<li><strong>Office<\/strong>\u00a0ideal para teletrabajo.<\/li>\n<li><strong>Lavander\u00eda independiente.<\/strong><\/li>\n<\/ul>\n<p><strong>Servicios adicionales:<\/strong><br \/>\n&#x2714; Aire acondicionado central.<br \/>\n&#x2714; Calefacci\u00f3n por losa radiante.<br \/>\n&#x2714; Sistema de seguridad con c\u00e1maras.<br \/>\n&#x2714; Doble garaje techado + espacio para visitas.<br \/>\n&#x2714; Piscina climatizada con solarium.<br \/>\n&#x2714; Riego autom\u00e1tico en jard\u00edn.<\/p>\n<p><strong>Espacios exteriores:<\/strong><\/p>\n<ul>\n<li><strong>Jard\u00edn frondoso<\/strong>\u00a0con palmeras y \u00e1rea de descanso.<\/li>\n<li><strong>Terraza cubierta<\/strong>\u00a0con lounge.<\/li>\n<li><strong>Huerta org\u00e1nica<\/strong>\u00a0(opcional).<\/li>\n<\/ul>\n<p><strong>Disponibilidad:<\/strong>\u00a0Inmediata.<\/p>\n","protected":false},"excerpt":{"rendered":"<p>Ubicaci\u00f3n:\u00a0Exclusivo barrio residencial, cerca de parques, escuelas y centros comerciales. Descripci\u00f3n: Impresionante casa estilo californiano, con amplio jard\u00edn al frente y un dise\u00f1o luminoso y acogedor. Perfecta para familias que buscan espacio, comodidad y un toque de elegancia. Ambientes: 4 dormitorios\u00a0(principal con vestidor y salida al jard\u00edn). 3 ba\u00f1os completos\u00a0(uno en suite con ba\u00f1era hidromasaje). [&hellip;]<\/p>\n","protected":false},"featured_media":2057,"template":"","meta":{"site-sidebar-layout":"default","site-content-layout":"","ast-site-content-layout":"default","site-content-style":"default","site-sidebar-style":"default","ast-global-header-display":"","ast-banner-title-visibility":"","ast-main-header-display":"","ast-hfb-above-header-display":"","ast-hfb-below-header-display":"","ast-hfb-mobile-header-display":"","site-post-title":"","ast-breadcrumbs-content":"","ast-featured-img":"","footer-sml-layout":"","ast-disable-related-posts":"","theme-transparent-header-meta":"default","adv-header-id-meta":"","stick-header-meta":"","header-above-stick-meta":"","header-main-stick-meta":"","header-below-stick-meta":"","astra-migrate-meta-layouts":"set","ast-page-background-enabled":"default","ast-page-background-meta":{"desktop":{"background-color":"var(--ast-global-color-4)","background-image":"","background-repeat":"repeat","background-position":"center center","background-size":"auto","background-attachment":"scroll","background-type":"","background-media":"","overlay-type":"","overlay-color":"","overlay-opacity":"","overlay-gradient":""},"tablet":{"background-color":"","background-image":"","background-repeat":"repeat","background-position":"center center","background-size":"auto","background-attachment":"scroll","background-type":"","background-media":"","overlay-type":"","overlay-color":"","overlay-opacity":"","overlay-gradient":""},"mobile":{"background-color":"","background-image":"","background-repeat":"repeat","background-position":"center center","background-size":"auto","background-attachment":"scroll","background-type":"","background-media":"","overlay-type":"","overlay-color":"","overlay-opacity":"","overlay-gradient":""}},"ast-content-background-meta":{"desktop":{"background-color":"var(--ast-global-color-5)","background-image":"","background-repeat":"repeat","background-position":"center center","background-size":"auto","background-attachment":"scroll","background-type":"","background-media":"","overlay-type":"","overlay-color":"","overlay-opacity":"","overlay-gradient":""},"tablet":{"background-color":"var(--ast-global-color-5)","background-image":"","background-repeat":"repeat","background-position":"center center","background-size":"auto","background-attachment":"scroll","background-type":"","background-media":"","overlay-type":"","overlay-color":"","overlay-opacity":"","overlay-gradient":""},"mobile":{"background-color":"var(--ast-global-color-5)","background-image":"","background-repeat":"repeat","background-position":"center center","background-size":"auto","background-attachment":"scroll","background-type":"","background-media":"","overlay-type":"","overlay-color":"","overlay-opacity":"","overlay-gradient":""}},"_joinchat":[]},"product_brand":[],"product_cat":[21],"product_tag":[],"class_list":{"0":"post-1471","1":"product","2":"type-product","3":"status-publish","4":"has-post-thumbnail","6":"product_cat-alquiler","7":"desktop-align-left","8":"tablet-align-left","9":"mobile-align-left","11":"first","12":"instock","13":"shipping-taxable","14":"product-type-alquiler"},"_links":{"self":[{"href":"https:\/\/desarrollo-web.com.ar\/lar\/wp-json\/wp\/v2\/product\/1471","targetHints":{"allow":["GET"]}}],"collection":[{"href":"https:\/\/desarrollo-web.com.ar\/lar\/wp-json\/wp\/v2\/product"}],"about":[{"href":"https:\/\/desarrollo-web.com.ar\/lar\/wp-json\/wp\/v2\/types\/product"}],"wp:featuredmedia":[{"embeddable":true,"href":"https:\/\/desarrollo-web.com.ar\/lar\/wp-json\/wp\/v2\/media\/2057"}],"wp:attachment":[{"href":"https:\/\/desarrollo-web.com.ar\/lar\/wp-json\/wp\/v2\/media?parent=1471"}],"wp:term":[{"taxonomy":"product_brand","embeddable":true,"href":"https:\/\/desarrollo-web.com.ar\/lar\/wp-json\/wp\/v2\/product_brand?post=1471"},{"taxonomy":"product_cat","embeddable":true,"href":"https:\/\/desarrollo-web.com.ar\/lar\/wp-json\/wp\/v2\/product_cat?post=1471"},{"taxonomy":"product_tag","embeddable":true,"href":"https:\/\/desarrollo-web.com.ar\/lar\/wp-json\/wp\/v2\/product_tag?post=1471"}],"curies":[{"name":"wp","href":"https:\/\/api.w.org\/{rel}","templated":true}]}}