{"id":869,"date":"2025-04-07T19:24:31","date_gmt":"2025-04-07T19:24:31","guid":{"rendered":"https:\/\/desarrollo-web.com.ar\/lar\/about-us\/"},"modified":"2026-02-28T17:04:58","modified_gmt":"2026-02-28T20:04:58","slug":"quienes-somos","status":"publish","type":"page","link":"https:\/\/desarrollo-web.com.ar\/lar\/quienes-somos\/","title":{"rendered":"Quienes somos"},"content":{"rendered":"\t\t<div data-elementor-type=\"wp-page\" data-elementor-id=\"869\" class=\"elementor elementor-869\">\n\t\t\t\t\t\t<section class=\"elementor-section elementor-top-section elementor-element elementor-element-c413143 elementor-section-full_width elementor-section-height-default elementor-section-height-default\" data-id=\"c413143\" data-element_type=\"section\" data-e-type=\"section\">\n\t\t\t\t\t\t<div class=\"elementor-container elementor-column-gap-no\">\n\t\t\t\t\t<div class=\"elementor-column elementor-col-100 elementor-top-column elementor-element elementor-element-be89dca\" data-id=\"be89dca\" data-element_type=\"column\" data-e-type=\"column\">\n\t\t\t<div class=\"elementor-widget-wrap elementor-element-populated\">\n\t\t\t\t\t\t<section class=\"elementor-section elementor-inner-section elementor-element elementor-element-7da62c9 elementor-section-boxed elementor-section-height-default elementor-section-height-default\" data-id=\"7da62c9\" data-element_type=\"section\" data-e-type=\"section\">\n\t\t\t\t\t\t<div class=\"elementor-container elementor-column-gap-no\">\n\t\t\t\t\t<div class=\"elementor-column elementor-col-50 elementor-inner-column elementor-element elementor-element-0e09c7e\" data-id=\"0e09c7e\" data-element_type=\"column\" data-e-type=\"column\">\n\t\t\t<div class=\"elementor-widget-wrap elementor-element-populated\">\n\t\t\t\t\t\t<div class=\"elementor-element elementor-element-5ef3379 elementor-widget elementor-widget-heading\" data-id=\"5ef3379\" data-element_type=\"widget\" data-e-type=\"widget\" data-widget_type=\"heading.default\">\n\t\t\t\t<div class=\"elementor-widget-container\">\n\t\t\t\t\t<h2 class=\"elementor-heading-title elementor-size-default\">Mart\u00edn Moretti | Abogado, Martillero y Tasador (CMCPSM 2962)<\/h2>\t\t\t\t<\/div>\n\t\t\t\t<\/div>\n\t\t\t\t<div class=\"elementor-element elementor-element-59b1b78 elementor-widget elementor-widget-text-editor\" data-id=\"59b1b78\" data-element_type=\"widget\" data-e-type=\"widget\" data-widget_type=\"text-editor.default\">\n\t\t\t\t<div class=\"elementor-widget-container\">\n\t\t\t\t\t\t\t\t\t<p class=\"ds-markdown-paragraph\">En el din\u00e1mico mundo de los bienes ra\u00edces, la diferencia la marca el conocimiento. Soy\u00a0<strong>Mart\u00edn Moretti<\/strong>, Martillero y Corredor P\u00fablico, Abogado, y cuento con un Posgrado en Derecho y Tecnolog\u00eda. Esta combinaci\u00f3n no es casualidad: responde a la necesidad de ofrecer un asesoramiento 360\u00b0 que va m\u00e1s all\u00e1 de la simple intermediaci\u00f3n.<\/p><p class=\"ds-markdown-paragraph\">Con m\u00e1s de 20 a\u00f1os de trayectoria profesional en Zona Oeste y Norte del Gran Buenos Aires \u2014con base en Ciudad Jard\u00edn, Lomas del Palomar\u2014 he construido una carrera basada en la\u00a0<strong>confidencialidad, la precisi\u00f3n t\u00e9cnica y el compromiso irrestricto con los intereses de mis clientes.<\/strong><\/p><p class=\"ds-markdown-paragraph\">Mi objetivo es transformar la incertidumbre en certeza. Ya sea que est\u00e9s dando el primer paso para adquirir tu hogar, diversificando tu patrimonio con inversiones comerciales, o necesitando una tasaci\u00f3n con rigor metodol\u00f3gico, te ofrezco el respaldo de un profesional que habla el mismo idioma que los abogados, los contadores y la tecnolog\u00eda.<\/p>\t\t\t\t\t\t\t\t<\/div>\n\t\t\t\t<\/div>\n\t\t\t\t<div class=\"elementor-element elementor-element-86e7145 elementor-widget-divider--view-line elementor-widget elementor-widget-divider\" data-id=\"86e7145\" data-element_type=\"widget\" data-e-type=\"widget\" data-widget_type=\"divider.default\">\n\t\t\t\t<div class=\"elementor-widget-container\">\n\t\t\t\t\t\t\t<div class=\"elementor-divider\">\n\t\t\t<span class=\"elementor-divider-separator\">\n\t\t\t\t\t\t<\/span>\n\t\t<\/div>\n\t\t\t\t\t\t<\/div>\n\t\t\t\t<\/div>\n\t\t\t\t\t<\/div>\n\t\t<\/div>\n\t\t\t\t<div class=\"elementor-column elementor-col-50 elementor-inner-column elementor-element elementor-element-0f06a2b\" data-id=\"0f06a2b\" data-element_type=\"column\" data-e-type=\"column\">\n\t\t\t<div class=\"elementor-widget-wrap elementor-element-populated\">\n\t\t\t\t\t\t<div class=\"elementor-element elementor-element-da29b11 elementor-widget__width-initial elementor-widget elementor-widget-image\" data-id=\"da29b11\" data-element_type=\"widget\" data-e-type=\"widget\" data-widget_type=\"image.default\">\n\t\t\t\t<div class=\"elementor-widget-container\">\n\t\t\t\t\t\t\t\t\t\t\t\t\t\t\t<img fetchpriority=\"high\" decoding=\"async\" width=\"600\" height=\"630\" src=\"https:\/\/desarrollo-web.com.ar\/lar\/wp-content\/uploads\/2026\/02\/Martin-Moretti.webp\" class=\"attachment-full size-full wp-image-1807\" alt=\"\" srcset=\"https:\/\/desarrollo-web.com.ar\/lar\/wp-content\/uploads\/2026\/02\/Martin-Moretti.webp 600w, https:\/\/desarrollo-web.com.ar\/lar\/wp-content\/uploads\/2026\/02\/Martin-Moretti-64x67.webp 64w, https:\/\/desarrollo-web.com.ar\/lar\/wp-content\/uploads\/2026\/02\/Martin-Moretti-286x300.webp 286w\" sizes=\"(max-width: 600px) 100vw, 600px\" \/>\t\t\t\t\t\t\t\t\t\t\t\t\t\t\t<\/div>\n\t\t\t\t<\/div>\n\t\t\t\t<div class=\"elementor-element elementor-element-29f33fb elementor-widget__width-initial elementor-widget elementor-widget-heading\" data-id=\"29f33fb\" data-element_type=\"widget\" data-e-type=\"widget\" data-widget_type=\"heading.default\">\n\t\t\t\t<div class=\"elementor-widget-container\">\n\t\t\t\t\t<h2 class=\"elementor-heading-title elementor-size-default\">Mart\u00edn Moretti<\/h2>\t\t\t\t<\/div>\n\t\t\t\t<\/div>\n\t\t\t\t<div class=\"elementor-element elementor-element-5f111b9 elementor-widget elementor-widget-text-editor\" data-id=\"5f111b9\" data-element_type=\"widget\" data-e-type=\"widget\" data-widget_type=\"text-editor.default\">\n\t\t\t\t<div class=\"elementor-widget-container\">\n\t\t\t\t\t\t\t\t\tTitular de\u00a0<em>Moretti Bienes Ra\u00edces\u00a0<strong>\u00ae<\/strong><\/em>\nMartillero y Corredor P\u00fablico\nAbogado\nTasador\nPosgrado en Derecho y Tecnolog\u00eda\t\t\t\t\t\t\t\t<\/div>\n\t\t\t\t<\/div>\n\t\t\t\t\t<\/div>\n\t\t<\/div>\n\t\t\t\t\t<\/div>\n\t\t<\/section>\n\t\t\t\t\t<\/div>\n\t\t<\/div>\n\t\t\t\t\t<\/div>\n\t\t<\/section>\n\t\t<div class=\"elementor-element elementor-element-6bd295c e-flex e-con-boxed e-con e-parent\" data-id=\"6bd295c\" data-element_type=\"container\" data-e-type=\"container\">\n\t\t\t\t\t<div class=\"e-con-inner\">\n\t\t<div class=\"elementor-element elementor-element-6d67bea e-con-full e-flex e-con e-child\" data-id=\"6d67bea\" data-element_type=\"container\" data-e-type=\"container\">\n\t\t\t\t<div class=\"elementor-element elementor-element-fc9f302 elementor-widget elementor-widget-heading\" data-id=\"fc9f302\" data-element_type=\"widget\" data-e-type=\"widget\" data-widget_type=\"heading.default\">\n\t\t\t\t<div class=\"elementor-widget-container\">\n\t\t\t\t\t<h3 class=\"elementor-heading-title elementor-size-default\">MISI\u00d3N<\/h3>\t\t\t\t<\/div>\n\t\t\t\t<\/div>\n\t\t\t\t<div class=\"elementor-element elementor-element-7506e63 elementor-widget elementor-widget-text-editor\" data-id=\"7506e63\" data-element_type=\"widget\" data-e-type=\"widget\" data-widget_type=\"text-editor.default\">\n\t\t\t\t<div class=\"elementor-widget-container\">\n\t\t\t\t\t\t\t\t\t<p>\u00abAcompa\u00f1ar a las personas y empresas en la concreci\u00f3n de sus proyectos inmobiliarios en Zona Norte y Oeste del Gran Buenos Aires, brindando un asesoramiento integral que combina la solvencia jur\u00eddica del abogado, la precisi\u00f3n t\u00e9cnica del tasador y la eficiencia de las herramientas tecnol\u00f3gicas m\u00e1s avanzadas. Nos comprometemos a transformar cada operaci\u00f3n en una experiencia de certeza, transparencia y absoluta confidencialidad.\u00bb<\/p>\t\t\t\t\t\t\t\t<\/div>\n\t\t\t\t<\/div>\n\t\t\t\t<\/div>\n\t\t<div class=\"elementor-element elementor-element-a9b46c7 e-con-full e-flex e-con e-child\" data-id=\"a9b46c7\" data-element_type=\"container\" data-e-type=\"container\">\n\t\t\t\t<div class=\"elementor-element elementor-element-530bd35 elementor-widget elementor-widget-heading\" data-id=\"530bd35\" data-element_type=\"widget\" data-e-type=\"widget\" data-widget_type=\"heading.default\">\n\t\t\t\t<div class=\"elementor-widget-container\">\n\t\t\t\t\t<h3 class=\"elementor-heading-title elementor-size-default\">MISI\u00d3N<\/h3>\t\t\t\t<\/div>\n\t\t\t\t<\/div>\n\t\t\t\t<div class=\"elementor-element elementor-element-3ce6ee9 elementor-widget elementor-widget-text-editor\" data-id=\"3ce6ee9\" data-element_type=\"widget\" data-e-type=\"widget\" data-widget_type=\"text-editor.default\">\n\t\t\t\t<div class=\"elementor-widget-container\">\n\t\t\t\t\t\t\t\t\t<p>\u00abSer la inmobiliaria de referencia indiscutida en el corredor Norte-Oeste del Gran Buenos Aires, reconocida por profesionalizar el mercado a trav\u00e9s de la innovaci\u00f3n y el respaldo jur\u00eddico. Aspiramos a que cada cliente, ya sea comprador o vendedor, perciba a Moretti Bienes Ra\u00edces no solo como un intermediario, sino como el socio estrat\u00e9gico que eleva el est\u00e1ndar de confianza y seguridad en el negocio inmobiliario.\u00bb<\/p>\t\t\t\t\t\t\t\t<\/div>\n\t\t\t\t<\/div>\n\t\t\t\t<\/div>\n\t\t\t\t\t<\/div>\n\t\t\t\t<\/div>\n\t\t<div class=\"elementor-element elementor-element-fc415cb e-flex e-con-boxed e-con e-parent\" data-id=\"fc415cb\" data-element_type=\"container\" data-e-type=\"container\">\n\t\t\t\t\t<div class=\"e-con-inner\">\n\t\t\t\t<div class=\"elementor-element elementor-element-f315c46 elementor-widget elementor-widget-heading\" data-id=\"f315c46\" data-element_type=\"widget\" data-e-type=\"widget\" data-widget_type=\"heading.default\">\n\t\t\t\t<div class=\"elementor-widget-container\">\n\t\t\t\t\t<h3 class=\"elementor-heading-title elementor-size-default\">VALORES<\/h3>\t\t\t\t<\/div>\n\t\t\t\t<\/div>\n\t\t\t\t\t<\/div>\n\t\t\t\t<\/div>\n\t\t<div class=\"elementor-element elementor-element-d392e47 e-flex e-con-boxed e-con e-parent\" data-id=\"d392e47\" data-element_type=\"container\" data-e-type=\"container\">\n\t\t\t\t\t<div class=\"e-con-inner\">\n\t\t<div class=\"elementor-element elementor-element-9973322 e-con-full e-flex e-con e-child\" data-id=\"9973322\" data-element_type=\"container\" data-e-type=\"container\">\n\t\t\t\t<div class=\"elementor-element elementor-element-c24a257 elementor-widget elementor-widget-text-editor\" data-id=\"c24a257\" data-element_type=\"widget\" data-e-type=\"widget\" data-widget_type=\"text-editor.default\">\n\t\t\t\t<div class=\"elementor-widget-container\">\n\t\t\t\t\t\t\t\t\t<p class=\"ds-markdown-paragraph\"><strong>1. Confianza con Respaldo T\u00e9cnico:<\/strong><br \/>No creemos en la confianza ingenua. La construimos a diario con informes precisos, argumentos legales s\u00f3lidos y una comunicaci\u00f3n honesta. Nuestra palabra est\u00e1 avalada por 20 a\u00f1os de trayectoria y una matr\u00edcula profesional que nos respalda.<\/p>\t\t\t\t\t\t\t\t<\/div>\n\t\t\t\t<\/div>\n\t\t\t\t<\/div>\n\t\t<div class=\"elementor-element elementor-element-f09375c e-con-full e-flex e-con e-child\" data-id=\"f09375c\" data-element_type=\"container\" data-e-type=\"container\">\n\t\t\t\t<div class=\"elementor-element elementor-element-d003f1e elementor-widget elementor-widget-text-editor\" data-id=\"d003f1e\" data-element_type=\"widget\" data-e-type=\"widget\" data-widget_type=\"text-editor.default\">\n\t\t\t\t<div class=\"elementor-widget-container\">\n\t\t\t\t\t\t\t\t\t<p class=\"ds-markdown-paragraph\"><strong>2. Confidencialidad Absoluta:<\/strong><br \/>Entendemos que detr\u00e1s de cada propiedad hay una historia, un patrimonio y, muchas veces, una estrategia. Resguardamos la informaci\u00f3n de nuestros clientes con el mismo sigilo y responsabilidad que exige la pr\u00e1ctica del derecho.<\/p>\t\t\t\t\t\t\t\t<\/div>\n\t\t\t\t<\/div>\n\t\t\t\t<\/div>\n\t\t<div class=\"elementor-element elementor-element-c4fc9be e-con-full e-flex e-con e-child\" data-id=\"c4fc9be\" data-element_type=\"container\" data-e-type=\"container\">\n\t\t\t\t<div class=\"elementor-element elementor-element-dd2e006 elementor-widget elementor-widget-text-editor\" data-id=\"dd2e006\" data-element_type=\"widget\" data-e-type=\"widget\" data-widget_type=\"text-editor.default\">\n\t\t\t\t<div class=\"elementor-widget-container\">\n\t\t\t\t\t\t\t\t\t<p class=\"ds-markdown-paragraph\"><strong>3. Innovaci\u00f3n con<br \/>Prop\u00f3sito:<\/strong><br \/>Adoptamos la tecnolog\u00eda no por moda, sino para servir mejor. Cada herramienta digital implementada tiene un solo objetivo: darte respuestas en tiempo real, agilizar tus tiempos y hacer tu negocio m\u00e1s eficiente.<\/p>\t\t\t\t\t\t\t\t<\/div>\n\t\t\t\t<\/div>\n\t\t\t\t<\/div>\n\t\t<div class=\"elementor-element elementor-element-4d23f01 e-con-full e-flex e-con e-child\" data-id=\"4d23f01\" data-element_type=\"container\" data-e-type=\"container\">\n\t\t\t\t<div class=\"elementor-element elementor-element-b773cae elementor-widget elementor-widget-text-editor\" data-id=\"b773cae\" data-element_type=\"widget\" data-e-type=\"widget\" data-widget_type=\"text-editor.default\">\n\t\t\t\t<div class=\"elementor-widget-container\">\n\t\t\t\t\t\t\t\t\t<p><strong>4. Compromiso Personalizado :<\/strong><br \/>En un mundo donde todo se despersonaliza, nosotros apostamos por la cercan\u00eda. Cada cliente es \u00fanico, y merece una estrategia a medida. No eres un \u00abexpediente\u00bb m\u00e1s; eres una persona con un proyecto que merece atenci\u00f3n dedicada.<\/p>\t\t\t\t\t\t\t\t<\/div>\n\t\t\t\t<\/div>\n\t\t\t\t<\/div>\n\t\t<div class=\"elementor-element elementor-element-bdc62e5 e-con-full e-flex e-con e-child\" data-id=\"bdc62e5\" data-element_type=\"container\" data-e-type=\"container\">\n\t\t\t\t<div class=\"elementor-element elementor-element-73aa4b1 elementor-widget elementor-widget-text-editor\" data-id=\"73aa4b1\" data-element_type=\"widget\" data-e-type=\"widget\" data-widget_type=\"text-editor.default\">\n\t\t\t\t<div class=\"elementor-widget-container\">\n\t\t\t\t\t\t\t\t\t<p><strong>5. Visi\u00f3n Integral <br \/>del servicio :<\/strong><br \/>Miramos el negocio inmobiliario en 3D. Analizamos la oportunidad comercial, pero tambi\u00e9n el marco legal y la proyecci\u00f3n a futuro. Esta mirada 360\u00b0 nos permite anticipar riesgos y maximizar el valor de tu patrimonio.<\/p>\t\t\t\t\t\t\t\t<\/div>\n\t\t\t\t<\/div>\n\t\t\t\t<\/div>\n\t\t\t\t\t<\/div>\n\t\t\t\t<\/div>\n\t\t\t\t<section class=\"elementor-section elementor-inner-section elementor-element elementor-element-68ae08fa elementor-section-boxed elementor-section-height-default elementor-section-height-default\" data-id=\"68ae08fa\" data-element_type=\"section\" data-e-type=\"section\" data-settings=\"{&quot;background_background&quot;:&quot;classic&quot;}\">\n\t\t\t\t\t\t<div class=\"elementor-container elementor-column-gap-no\">\n\t\t\t\t\t<div class=\"elementor-column elementor-col-100 elementor-inner-column elementor-element elementor-element-1422c1f0\" data-id=\"1422c1f0\" data-element_type=\"column\" data-e-type=\"column\">\n\t\t\t<div class=\"elementor-widget-wrap elementor-element-populated\">\n\t\t\t\t\t\t<div class=\"elementor-element elementor-element-50c079 elementor-widget elementor-widget-heading\" data-id=\"50c079\" data-element_type=\"widget\" data-e-type=\"widget\" data-widget_type=\"heading.default\">\n\t\t\t\t<div class=\"elementor-widget-container\">\n\t\t\t\t\t<h4 class=\"elementor-heading-title elementor-size-default\">M\u00e1s de 20 a\u00f1os no son solo un n\u00famero. <\/br>Son la garant\u00eda de que, en Moretti Bienes Ra\u00edces, <\/br>tu patrimonio est\u00e1 en las manos correctas<\/h4>\t\t\t\t<\/div>\n\t\t\t\t<\/div>\n\t\t\t\t<div class=\"elementor-element elementor-element-39a9daea elementor-mobile-align-center elementor-align-center elementor-widget elementor-widget-button\" data-id=\"39a9daea\" data-element_type=\"widget\" data-e-type=\"widget\" data-widget_type=\"button.default\">\n\t\t\t\t<div class=\"elementor-widget-container\">\n\t\t\t\t\t\t\t\t\t<div class=\"elementor-button-wrapper\">\n\t\t\t\t\t<a class=\"elementor-button elementor-button-link elementor-size-sm\" href=\"https:\/\/desarrollo-web.com.ar\/lar\/contacto\/\">\n\t\t\t\t\t\t<span class=\"elementor-button-content-wrapper\">\n\t\t\t\t\t\t\t\t\t<span class=\"elementor-button-text\">Contacto<\/span>\n\t\t\t\t\t<\/span>\n\t\t\t\t\t<\/a>\n\t\t\t\t<\/div>\n\t\t\t\t\t\t\t\t<\/div>\n\t\t\t\t<\/div>\n\t\t\t\t\t<\/div>\n\t\t<\/div>\n\t\t\t\t\t<\/div>\n\t\t<\/section>\n\t\t\t\t<\/div>\n\t\t","protected":false},"excerpt":{"rendered":"<p>Mart\u00edn Moretti | Abogado, Martillero y Tasador (CMCPSM 2962) En el din\u00e1mico mundo de los bienes ra\u00edces, la diferencia la marca el conocimiento. Soy\u00a0Mart\u00edn Moretti, Martillero y Corredor P\u00fablico, Abogado, y cuento con un Posgrado en Derecho y Tecnolog\u00eda. Esta combinaci\u00f3n no es casualidad: responde a la necesidad de ofrecer un asesoramiento 360\u00b0 que va [&hellip;]<\/p>\n","protected":false},"author":2,"featured_media":0,"parent":0,"menu_order":0,"comment_status":"closed","ping_status":"closed","template":"","meta":{"site-sidebar-layout":"no-sidebar","site-content-layout":"page-builder","ast-site-content-layout":"full-width-container","site-content-style":"unboxed","site-sidebar-style":"unboxed","ast-global-header-display":"","ast-banner-title-visibility":"","ast-main-header-display":"","ast-hfb-above-header-display":"","ast-hfb-below-header-display":"","ast-hfb-mobile-header-display":"","site-post-title":"disabled","ast-breadcrumbs-content":"","ast-featured-img":"disabled","footer-sml-layout":"","ast-disable-related-posts":"","theme-transparent-header-meta":"disabled","adv-header-id-meta":"","stick-header-meta":"","header-above-stick-meta":"","header-main-stick-meta":"","header-below-stick-meta":"","astra-migrate-meta-layouts":"set","ast-page-background-enabled":"default","ast-page-background-meta":{"desktop":{"background-color":"var(--ast-global-color-4)","background-image":"","background-repeat":"repeat","background-position":"center center","background-size":"auto","background-attachment":"scroll","background-type":"","background-media":"","overlay-type":"","overlay-color":"","overlay-opacity":"","overlay-gradient":""},"tablet":{"background-color":"","background-image":"","background-repeat":"repeat","background-position":"center center","background-size":"auto","background-attachment":"scroll","background-type":"","background-media":"","overlay-type":"","overlay-color":"","overlay-opacity":"","overlay-gradient":""},"mobile":{"background-color":"","background-image":"","background-repeat":"repeat","background-position":"center center","background-size":"auto","background-attachment":"scroll","background-type":"","background-media":"","overlay-type":"","overlay-color":"","overlay-opacity":"","overlay-gradient":""}},"ast-content-background-meta":{"desktop":{"background-color":"var(--ast-global-color-5)","background-image":"","background-repeat":"repeat","background-position":"center center","background-size":"auto","background-attachment":"scroll","background-type":"","background-media":"","overlay-type":"","overlay-color":"","overlay-opacity":"","overlay-gradient":""},"tablet":{"background-color":"var(--ast-global-color-5)","background-image":"","background-repeat":"repeat","background-position":"center center","background-size":"auto","background-attachment":"scroll","background-type":"","background-media":"","overlay-type":"","overlay-color":"","overlay-opacity":"","overlay-gradient":""},"mobile":{"background-color":"var(--ast-global-color-5)","background-image":"","background-repeat":"repeat","background-position":"center center","background-size":"auto","background-attachment":"scroll","background-type":"","background-media":"","overlay-type":"","overlay-color":"","overlay-opacity":"","overlay-gradient":""}},"_joinchat":[],"footnotes":""},"class_list":["post-869","page","type-page","status-publish","hentry"],"_links":{"self":[{"href":"https:\/\/desarrollo-web.com.ar\/lar\/wp-json\/wp\/v2\/pages\/869","targetHints":{"allow":["GET"]}}],"collection":[{"href":"https:\/\/desarrollo-web.com.ar\/lar\/wp-json\/wp\/v2\/pages"}],"about":[{"href":"https:\/\/desarrollo-web.com.ar\/lar\/wp-json\/wp\/v2\/types\/page"}],"author":[{"embeddable":true,"href":"https:\/\/desarrollo-web.com.ar\/lar\/wp-json\/wp\/v2\/users\/2"}],"replies":[{"embeddable":true,"href":"https:\/\/desarrollo-web.com.ar\/lar\/wp-json\/wp\/v2\/comments?post=869"}],"version-history":[{"count":256,"href":"https:\/\/desarrollo-web.com.ar\/lar\/wp-json\/wp\/v2\/pages\/869\/revisions"}],"predecessor-version":[{"id":2009,"href":"https:\/\/desarrollo-web.com.ar\/lar\/wp-json\/wp\/v2\/pages\/869\/revisions\/2009"}],"wp:attachment":[{"href":"https:\/\/desarrollo-web.com.ar\/lar\/wp-json\/wp\/v2\/media?parent=869"}],"curies":[{"name":"wp","href":"https:\/\/api.w.org\/{rel}","templated":true}]}}