{"id":1597,"date":"2025-04-22T13:28:13","date_gmt":"2025-04-22T13:28:13","guid":{"rendered":"https:\/\/desarrollo-web.com.ar\/lar\/?page_id=1597"},"modified":"2026-02-28T16:18:00","modified_gmt":"2026-02-28T19:18:00","slug":"servicios","status":"publish","type":"page","link":"https:\/\/desarrollo-web.com.ar\/lar\/servicios\/","title":{"rendered":"Servicios"},"content":{"rendered":"\t\t<div data-elementor-type=\"wp-page\" data-elementor-id=\"1597\" class=\"elementor elementor-1597\">\n\t\t\t\t<div class=\"elementor-element elementor-element-95a498b e-flex e-con-boxed e-con e-parent\" data-id=\"95a498b\" data-element_type=\"container\" data-e-type=\"container\">\n\t\t\t\t\t<div class=\"e-con-inner\">\n\t\t<div class=\"elementor-element elementor-element-1655ef9 e-con-full e-flex e-con e-child\" data-id=\"1655ef9\" data-element_type=\"container\" data-e-type=\"container\">\n\t\t\t\t<div class=\"elementor-element elementor-element-c44c2de elementor-widget elementor-widget-heading\" data-id=\"c44c2de\" data-element_type=\"widget\" data-e-type=\"widget\" data-widget_type=\"heading.default\">\n\t\t\t\t<div class=\"elementor-widget-container\">\n\t\t\t\t\t<h2 class=\"elementor-heading-title elementor-size-default\">Servicios<\/h2>\t\t\t\t<\/div>\n\t\t\t\t<\/div>\n\t\t\t\t<\/div>\n\t\t\t\t\t<\/div>\n\t\t\t\t<\/div>\n\t\t<div class=\"elementor-element elementor-element-828df67 e-flex e-con-boxed e-con e-parent\" data-id=\"828df67\" data-element_type=\"container\" data-e-type=\"container\">\n\t\t\t\t\t<div class=\"e-con-inner\">\n\t\t<div class=\"elementor-element elementor-element-9cfca06 e-con-full e-flex e-con e-child\" data-id=\"9cfca06\" data-element_type=\"container\" data-e-type=\"container\">\n\t\t\t\t<div class=\"elementor-element elementor-element-047c80a elementor-widget elementor-widget-heading\" data-id=\"047c80a\" data-element_type=\"widget\" data-e-type=\"widget\" data-widget_type=\"heading.default\">\n\t\t\t\t<div class=\"elementor-widget-container\">\n\t\t\t\t\t<h2 class=\"elementor-heading-title elementor-size-default\">Compra, Venta y Alquiler <\/br> en Zona Norte y Oeste<\/h2>\t\t\t\t<\/div>\n\t\t\t\t<\/div>\n\t\t\t\t<div class=\"elementor-element elementor-element-0ae2567 elementor-widget elementor-widget-text-editor\" data-id=\"0ae2567\" data-element_type=\"widget\" data-e-type=\"widget\" data-widget_type=\"text-editor.default\">\n\t\t\t\t<div class=\"elementor-widget-container\">\n\t\t\t\t\t\t\t\t\t<p class=\"ds-markdown-paragraph\">Abarcamos un amplio portfolio de inmuebles residenciales y comerciales en los principales puntos de Zona Norte y Zona Oeste del GBA. Desde un departamento en Ciudad Jard\u00edn hasta un local comercial en Tres de Febrero. Nuestra metodolog\u00eda combina el conocimiento del mercado local con recursos tecnol\u00f3gicos para lograr una <strong>mayor celeridad y eficiencia<\/strong>\u00a0en la concreci\u00f3n de tu negocio.<\/p>\t\t\t\t\t\t\t\t<\/div>\n\t\t\t\t<\/div>\n\t\t\t\t<\/div>\n\t\t<div class=\"elementor-element elementor-element-1b62800 e-con-full e-flex e-con e-child\" data-id=\"1b62800\" data-element_type=\"container\" data-e-type=\"container\">\n\t\t\t\t<div class=\"elementor-element elementor-element-11abef9 elementor-widget elementor-widget-heading\" data-id=\"11abef9\" data-element_type=\"widget\" data-e-type=\"widget\" data-widget_type=\"heading.default\">\n\t\t\t\t<div class=\"elementor-widget-container\">\n\t\t\t\t\t<h2 class=\"elementor-heading-title elementor-size-default\">Tasaciones profesionales <\/br>con precisi\u00f3n metodol\u00f3gica<\/h2>\t\t\t\t<\/div>\n\t\t\t\t<\/div>\n\t\t\t\t<div class=\"elementor-element elementor-element-3ee03c5 elementor-widget elementor-widget-text-editor\" data-id=\"3ee03c5\" data-element_type=\"widget\" data-e-type=\"widget\" data-widget_type=\"text-editor.default\">\n\t\t\t\t<div class=\"elementor-widget-container\">\n\t\t\t\t\t\t\t\t\t<p class=\"ds-markdown-paragraph\">Conoc\u00e9 el verdadero valor de tus bienes. No se trata de estimaciones subjetivas; realizamos tasaciones con rigor t\u00e9cnico y metodol\u00f3gico, respaldadas por mi expertise como Tasador y Abogado. Un informe de tasaci\u00f3n preciso es la base para una venta exitosa, una gesti\u00f3n judicial eficaz o una planificaci\u00f3n patrimonial inteligente..<\/p>\t\t\t\t\t\t\t\t<\/div>\n\t\t\t\t<\/div>\n\t\t\t\t<\/div>\n\t\t<div class=\"elementor-element elementor-element-526be0b e-con-full e-flex e-con e-child\" data-id=\"526be0b\" data-element_type=\"container\" data-e-type=\"container\">\n\t\t\t\t<div class=\"elementor-element elementor-element-fe23631 elementor-widget elementor-widget-heading\" data-id=\"fe23631\" data-element_type=\"widget\" data-e-type=\"widget\" data-widget_type=\"heading.default\">\n\t\t\t\t<div class=\"elementor-widget-container\">\n\t\t\t\t\t<h2 class=\"elementor-heading-title elementor-size-default\">Tu Proyecto, Resguardado <\/br>por Nuestro Compromiso<\/h2>\t\t\t\t<\/div>\n\t\t\t\t<\/div>\n\t\t\t\t<div class=\"elementor-element elementor-element-ddc98e7 elementor-widget elementor-widget-text-editor\" data-id=\"ddc98e7\" data-element_type=\"widget\" data-e-type=\"widget\" data-widget_type=\"text-editor.default\">\n\t\t\t\t<div class=\"elementor-widget-container\">\n\t\t\t\t\t\t\t\t\t<p class=\"ds-markdown-paragraph\">Conoc\u00e9 el verdadero valor de tus bienes. No se trata de estimaciones subjetivas; realizamos tasaciones con rigor t\u00e9cnico y metodol\u00f3gico, respaldadas por mi expertise como Tasador y Abogado. Un informe de tasaci\u00f3n preciso es la base para una venta exitosa, una gesti\u00f3n judicial eficaz o una planificaci\u00f3n patrimonial inteligente..<\/p>\t\t\t\t\t\t\t\t<\/div>\n\t\t\t\t<\/div>\n\t\t\t\t<\/div>\n\t\t\t\t\t<\/div>\n\t\t\t\t<\/div>\n\t\t<div class=\"elementor-element elementor-element-6bf647a e-flex e-con-boxed e-con e-parent\" data-id=\"6bf647a\" data-element_type=\"container\" data-e-type=\"container\" data-settings=\"{&quot;background_background&quot;:&quot;classic&quot;}\">\n\t\t\t\t\t<div class=\"e-con-inner\">\n\t\t\t\t<div class=\"elementor-element elementor-element-cbcad1b elementor-widget elementor-widget-heading\" data-id=\"cbcad1b\" data-element_type=\"widget\" data-e-type=\"widget\" data-widget_type=\"heading.default\">\n\t\t\t\t<div class=\"elementor-widget-container\">\n\t\t\t\t\t<h3 class=\"elementor-heading-title elementor-size-default\">M\u00e1s de 20 a\u00f1os de trayectoria profesional en Zona Oeste y Norte del Gran Buenos Aires<\/h3>\t\t\t\t<\/div>\n\t\t\t\t<\/div>\n\t\t\t\t\t<\/div>\n\t\t\t\t<\/div>\n\t\t<div class=\"elementor-element elementor-element-3948923 e-flex e-con-boxed e-con e-parent\" data-id=\"3948923\" data-element_type=\"container\" data-e-type=\"container\">\n\t\t\t\t\t<div class=\"e-con-inner\">\n\t\t<div class=\"elementor-element elementor-element-b07f245 e-con-full e-flex e-con e-child\" data-id=\"b07f245\" data-element_type=\"container\" data-e-type=\"container\">\n\t\t\t\t<div class=\"elementor-element elementor-element-9bac23b elementor-widget elementor-widget-heading\" data-id=\"9bac23b\" data-element_type=\"widget\" data-e-type=\"widget\" data-widget_type=\"heading.default\">\n\t\t\t\t<div class=\"elementor-widget-container\">\n\t\t\t\t\t<h2 class=\"elementor-heading-title elementor-size-default\">Atenci\u00f3n Personalizada <\/br>con Respuestas en Tiempo Real<\/h2>\t\t\t\t<\/div>\n\t\t\t\t<\/div>\n\t\t\t\t<div class=\"elementor-element elementor-element-a8fe62e elementor-widget elementor-widget-text-editor\" data-id=\"a8fe62e\" data-element_type=\"widget\" data-e-type=\"widget\" data-widget_type=\"text-editor.default\">\n\t\t\t\t<div class=\"elementor-widget-container\">\n\t\t\t\t\t\t\t\t\t<p class=\"ds-markdown-paragraph\">Imaginate un asesor disponible cuando lo necesit\u00e1s. Nuestro Servicio Concierge est\u00e1 dise\u00f1ado para brindarte una experiencia superior. Desde la primera consulta hasta la entrega de llaves, disfrut\u00e1s de una comunicaci\u00f3n fluida, respuestas inmediatas y una gesti\u00f3n \u00e1gil que elimina la burocracia y las esperas innecesarias.<\/p>\t\t\t\t\t\t\t\t<\/div>\n\t\t\t\t<\/div>\n\t\t\t\t<\/div>\n\t\t<div class=\"elementor-element elementor-element-73503e0 e-con-full e-flex e-con e-child\" data-id=\"73503e0\" data-element_type=\"container\" data-e-type=\"container\">\n\t\t\t\t<div class=\"elementor-element elementor-element-2fae22a elementor-widget elementor-widget-heading\" data-id=\"2fae22a\" data-element_type=\"widget\" data-e-type=\"widget\" data-widget_type=\"heading.default\">\n\t\t\t\t<div class=\"elementor-widget-container\">\n\t\t\t\t\t<h2 class=\"elementor-heading-title elementor-size-default\">Asesorate y Eval\u00faa Correctamente tu Proyecto Inmobiliario<\/h2>\t\t\t\t<\/div>\n\t\t\t\t<\/div>\n\t\t\t\t<div class=\"elementor-element elementor-element-231b917 elementor-widget elementor-widget-text-editor\" data-id=\"231b917\" data-element_type=\"widget\" data-e-type=\"widget\" data-widget_type=\"text-editor.default\">\n\t\t\t\t<div class=\"elementor-widget-container\">\n\t\t\t\t\t\t\t\t\t<p class=\"ds-markdown-paragraph\">Cada propiedad es una soluci\u00f3n a un problema o una oportunidad de crecimiento. Te ofrezco mi visi\u00f3n como abogado para que eval\u00faes correctamente los riesgos, las implicancias fiscales y las mejores estrategias de negociaci\u00f3n. No solo te ayudo a comprar o vender; te ayudo a tomar la\u00a0<strong>mejor decisi\u00f3n<\/strong>.<\/p>\t\t\t\t\t\t\t\t<\/div>\n\t\t\t\t<\/div>\n\t\t\t\t<\/div>\n\t\t<div class=\"elementor-element elementor-element-77ade06 e-con-full e-flex e-con e-child\" data-id=\"77ade06\" data-element_type=\"container\" data-e-type=\"container\">\n\t\t\t\t<div class=\"elementor-element elementor-element-d86a463 elementor-widget elementor-widget-heading\" data-id=\"d86a463\" data-element_type=\"widget\" data-e-type=\"widget\" data-widget_type=\"heading.default\">\n\t\t\t\t<div class=\"elementor-widget-container\">\n\t\t\t\t\t<h2 class=\"elementor-heading-title elementor-size-default\">Tecnolog\u00eda Aplicada a la Gesti\u00f3n Inmobiliaria<\/h2>\t\t\t\t<\/div>\n\t\t\t\t<\/div>\n\t\t\t\t<div class=\"elementor-element elementor-element-5f7c3b2 elementor-widget elementor-widget-text-editor\" data-id=\"5f7c3b2\" data-element_type=\"widget\" data-e-type=\"widget\" data-widget_type=\"text-editor.default\">\n\t\t\t\t<div class=\"elementor-widget-container\">\n\t\t\t\t\t\t\t\t\t<p class=\"ds-markdown-paragraph\">La experiencia se potencia con innovaci\u00f3n. Implementamos herramientas tecnol\u00f3gicas de vanguardia para agilizar procesos, desde visitas virtuales inmersivas hasta sistemas de gesti\u00f3n que optimizan la b\u00fasqueda de propiedades. Esto se traduce en\u00a0<strong>mayor celeridad, eficiencia y transparencia<\/strong>\u00a0para tu negocio.<\/p>\t\t\t\t\t\t\t\t<\/div>\n\t\t\t\t<\/div>\n\t\t\t\t<\/div>\n\t\t\t\t\t<\/div>\n\t\t\t\t<\/div>\n\t\t\t\t<section class=\"elementor-section elementor-inner-section elementor-element elementor-element-553cae03 elementor-section-boxed elementor-section-height-default elementor-section-height-default\" data-id=\"553cae03\" data-element_type=\"section\" data-e-type=\"section\" data-settings=\"{&quot;background_background&quot;:&quot;classic&quot;}\">\n\t\t\t\t\t\t<div class=\"elementor-container elementor-column-gap-no\">\n\t\t\t\t\t<div class=\"elementor-column elementor-col-100 elementor-inner-column elementor-element elementor-element-15a60722\" data-id=\"15a60722\" data-element_type=\"column\" data-e-type=\"column\">\n\t\t\t<div class=\"elementor-widget-wrap elementor-element-populated\">\n\t\t\t\t\t\t<div class=\"elementor-element elementor-element-1f71228 elementor-widget elementor-widget-heading\" data-id=\"1f71228\" data-element_type=\"widget\" data-e-type=\"widget\" data-widget_type=\"heading.default\">\n\t\t\t\t<div class=\"elementor-widget-container\">\n\t\t\t\t\t<h3 class=\"elementor-heading-title elementor-size-default\">Cuente con la asistencia de una Inmobiliaria altamente capacitada <\/br>\ny con una s\u00f3lida experiencia en el mercado inmobiliario.<\/h3>\t\t\t\t<\/div>\n\t\t\t\t<\/div>\n\t\t\t\t<div class=\"elementor-element elementor-element-24b46144 elementor-mobile-align-center elementor-align-center elementor-widget elementor-widget-button\" data-id=\"24b46144\" data-element_type=\"widget\" data-e-type=\"widget\" data-widget_type=\"button.default\">\n\t\t\t\t<div class=\"elementor-widget-container\">\n\t\t\t\t\t\t\t\t\t<div class=\"elementor-button-wrapper\">\n\t\t\t\t\t<a class=\"elementor-button elementor-button-link elementor-size-sm\" href=\"https:\/\/desarrollo-web.com.ar\/lar\/contacto\/\">\n\t\t\t\t\t\t<span class=\"elementor-button-content-wrapper\">\n\t\t\t\t\t\t\t\t\t<span class=\"elementor-button-text\">Contacto<\/span>\n\t\t\t\t\t<\/span>\n\t\t\t\t\t<\/a>\n\t\t\t\t<\/div>\n\t\t\t\t\t\t\t\t<\/div>\n\t\t\t\t<\/div>\n\t\t\t\t\t<\/div>\n\t\t<\/div>\n\t\t\t\t\t<\/div>\n\t\t<\/section>\n\t\t\t\t<\/div>\n\t\t","protected":false},"excerpt":{"rendered":"<p>Servicios Compra, Venta y Alquiler en Zona Norte y Oeste Abarcamos un amplio portfolio de inmuebles residenciales y comerciales en los principales puntos de Zona Norte y Zona Oeste del GBA. Desde un departamento en Ciudad Jard\u00edn hasta un local comercial en Tres de Febrero. Nuestra metodolog\u00eda combina el conocimiento del mercado local con recursos [&hellip;]<\/p>\n","protected":false},"author":2,"featured_media":0,"parent":0,"menu_order":0,"comment_status":"closed","ping_status":"closed","template":"","meta":{"site-sidebar-layout":"no-sidebar","site-content-layout":"page-builder","ast-site-content-layout":"full-width-container","site-content-style":"unboxed","site-sidebar-style":"unboxed","ast-global-header-display":"","ast-banner-title-visibility":"","ast-main-header-display":"","ast-hfb-above-header-display":"","ast-hfb-below-header-display":"","ast-hfb-mobile-header-display":"","site-post-title":"disabled","ast-breadcrumbs-content":"","ast-featured-img":"disabled","footer-sml-layout":"","ast-disable-related-posts":"","theme-transparent-header-meta":"disabled","adv-header-id-meta":"","stick-header-meta":"","header-above-stick-meta":"","header-main-stick-meta":"","header-below-stick-meta":"","astra-migrate-meta-layouts":"set","ast-page-background-enabled":"default","ast-page-background-meta":{"desktop":{"background-color":"var(--ast-global-color-4)","background-image":"","background-repeat":"repeat","background-position":"center center","background-size":"auto","background-attachment":"scroll","background-type":"","background-media":"","overlay-type":"","overlay-color":"","overlay-opacity":"","overlay-gradient":""},"tablet":{"background-color":"","background-image":"","background-repeat":"repeat","background-position":"center center","background-size":"auto","background-attachment":"scroll","background-type":"","background-media":"","overlay-type":"","overlay-color":"","overlay-opacity":"","overlay-gradient":""},"mobile":{"background-color":"","background-image":"","background-repeat":"repeat","background-position":"center center","background-size":"auto","background-attachment":"scroll","background-type":"","background-media":"","overlay-type":"","overlay-color":"","overlay-opacity":"","overlay-gradient":""}},"ast-content-background-meta":{"desktop":{"background-color":"var(--ast-global-color-5)","background-image":"","background-repeat":"repeat","background-position":"center center","background-size":"auto","background-attachment":"scroll","background-type":"","background-media":"","overlay-type":"","overlay-color":"","overlay-opacity":"","overlay-gradient":""},"tablet":{"background-color":"var(--ast-global-color-5)","background-image":"","background-repeat":"repeat","background-position":"center center","background-size":"auto","background-attachment":"scroll","background-type":"","background-media":"","overlay-type":"","overlay-color":"","overlay-opacity":"","overlay-gradient":""},"mobile":{"background-color":"var(--ast-global-color-5)","background-image":"","background-repeat":"repeat","background-position":"center center","background-size":"auto","background-attachment":"scroll","background-type":"","background-media":"","overlay-type":"","overlay-color":"","overlay-opacity":"","overlay-gradient":""}},"_joinchat":[],"footnotes":""},"class_list":["post-1597","page","type-page","status-publish","hentry"],"_links":{"self":[{"href":"https:\/\/desarrollo-web.com.ar\/lar\/wp-json\/wp\/v2\/pages\/1597","targetHints":{"allow":["GET"]}}],"collection":[{"href":"https:\/\/desarrollo-web.com.ar\/lar\/wp-json\/wp\/v2\/pages"}],"about":[{"href":"https:\/\/desarrollo-web.com.ar\/lar\/wp-json\/wp\/v2\/types\/page"}],"author":[{"embeddable":true,"href":"https:\/\/desarrollo-web.com.ar\/lar\/wp-json\/wp\/v2\/users\/2"}],"replies":[{"embeddable":true,"href":"https:\/\/desarrollo-web.com.ar\/lar\/wp-json\/wp\/v2\/comments?post=1597"}],"version-history":[{"count":41,"href":"https:\/\/desarrollo-web.com.ar\/lar\/wp-json\/wp\/v2\/pages\/1597\/revisions"}],"predecessor-version":[{"id":1973,"href":"https:\/\/desarrollo-web.com.ar\/lar\/wp-json\/wp\/v2\/pages\/1597\/revisions\/1973"}],"wp:attachment":[{"href":"https:\/\/desarrollo-web.com.ar\/lar\/wp-json\/wp\/v2\/media?parent=1597"}],"curies":[{"name":"wp","href":"https:\/\/api.w.org\/{rel}","templated":true}]}}